{"id":1319,"date":"2024-03-01T14:57:18","date_gmt":"2024-03-01T14:57:18","guid":{"rendered":"https:\/\/ascnet.ie\/blitt\/?page_id=1319"},"modified":"2024-06-07T14:28:44","modified_gmt":"2024-06-07T14:28:44","slug":"3-teaching-the-concept-of-blended-learning-spanish","status":"publish","type":"page","link":"https:\/\/ascnet.ie\/blitt\/home-spanish\/1-empowering-trainers-for-blended-learning-education-spanish\/3-teaching-the-concept-of-blended-learning-spanish\/","title":{"rendered":"3. Teaching the Concept of Blended Learning (Spanish)"},"content":{"rendered":"\t\t<div data-elementor-type=\"wp-page\" data-elementor-id=\"1319\" class=\"elementor elementor-1319\">\n\t\t\t\t\t\t<section class=\"elementor-section elementor-top-section elementor-element elementor-element-d8e5de9 elementor-section-boxed elementor-section-height-default elementor-section-height-default\" data-id=\"d8e5de9\" data-element_type=\"section\">\n\t\t\t\t\t\t<div class=\"elementor-container elementor-column-gap-default\">\n\t\t\t\t\t<div class=\"elementor-column elementor-col-100 elementor-top-column elementor-element elementor-element-1bda5855\" data-id=\"1bda5855\" data-element_type=\"column\">\n\t\t\t<div class=\"elementor-widget-wrap elementor-element-populated\">\n\t\t\t\t\t\t<div class=\"elementor-element elementor-element-7c9ed71f elementor-widget elementor-widget-spacer\" data-id=\"7c9ed71f\" data-element_type=\"widget\" data-widget_type=\"spacer.default\">\n\t\t\t\t<div class=\"elementor-widget-container\">\n\t\t\t\t\t\t\t<div class=\"elementor-spacer\">\n\t\t\t<div class=\"elementor-spacer-inner\"><\/div>\n\t\t<\/div>\n\t\t\t\t\t\t<\/div>\n\t\t\t\t<\/div>\n\t\t\t\t<div class=\"elementor-element elementor-element-3a7bef8e elementor-widget elementor-widget-heading\" data-id=\"3a7bef8e\" data-element_type=\"widget\" data-widget_type=\"heading.default\">\n\t\t\t\t<div class=\"elementor-widget-container\">\n\t\t\t\t\t<h2 class=\"elementor-heading-title elementor-size-default\"><span class=\"ez-toc-section\" id=\"Como_ensenar_el_concepto_de_aprendizaje_semipresencial\"><\/span>C\u00f3mo ense\u00f1ar el concepto de aprendizaje semipresencial \n<span class=\"ez-toc-section-end\"><\/span><\/h2>\t\t\t\t<\/div>\n\t\t\t\t<\/div>\n\t\t\t\t\t<\/div>\n\t\t<\/div>\n\t\t\t\t\t<\/div>\n\t\t<\/section>\n\t\t\t\t<section class=\"elementor-section elementor-top-section elementor-element elementor-element-25bd8326 elementor-section-boxed elementor-section-height-default elementor-section-height-default\" data-id=\"25bd8326\" data-element_type=\"section\">\n\t\t\t\t\t\t<div class=\"elementor-container elementor-column-gap-default\">\n\t\t\t\t\t<div class=\"elementor-column elementor-col-100 elementor-top-column elementor-element elementor-element-6d0e31d9\" data-id=\"6d0e31d9\" data-element_type=\"column\">\n\t\t\t<div class=\"elementor-widget-wrap elementor-element-populated\">\n\t\t\t\t\t\t<div class=\"elementor-element elementor-element-dd90124 elementor-widget elementor-widget-image\" data-id=\"dd90124\" data-element_type=\"widget\" data-widget_type=\"image.default\">\n\t\t\t\t<div class=\"elementor-widget-container\">\n\t\t\t\t\t\t\t\t\t\t\t\t\t\t\t<img fetchpriority=\"high\" decoding=\"async\" width=\"300\" height=\"227\" src=\"https:\/\/ascnet.ie\/blitt\/wp-content\/uploads\/2023\/12\/undraw_Web_search_re_efla-300x227.png\" class=\"attachment-medium size-medium wp-image-494\" alt=\"\" srcset=\"https:\/\/ascnet.ie\/blitt\/wp-content\/uploads\/2023\/12\/undraw_Web_search_re_efla-300x227.png 300w, https:\/\/ascnet.ie\/blitt\/wp-content\/uploads\/2023\/12\/undraw_Web_search_re_efla-768x581.png 768w, https:\/\/ascnet.ie\/blitt\/wp-content\/uploads\/2023\/12\/undraw_Web_search_re_efla.png 950w\" sizes=\"(max-width: 300px) 100vw, 300px\" \/>\t\t\t\t\t\t\t\t\t\t\t\t\t\t\t<\/div>\n\t\t\t\t<\/div>\n\t\t\t\t<section class=\"elementor-section elementor-inner-section elementor-element elementor-element-b3d4f82 elementor-section-boxed elementor-section-height-default elementor-section-height-default\" data-id=\"b3d4f82\" data-element_type=\"section\">\n\t\t\t\t\t\t<div class=\"elementor-container elementor-column-gap-default\">\n\t\t\t\t\t<div class=\"elementor-column elementor-col-100 elementor-inner-column elementor-element elementor-element-246a3472\" data-id=\"246a3472\" data-element_type=\"column\">\n\t\t\t<div class=\"elementor-widget-wrap elementor-element-populated\">\n\t\t\t\t\t\t<div class=\"elementor-element elementor-element-270064af elementor-widget__width-initial elementor-widget elementor-widget-text-editor\" data-id=\"270064af\" data-element_type=\"widget\" data-widget_type=\"text-editor.default\">\n\t\t\t\t<div class=\"elementor-widget-container\">\n\t\t\t\t\t\t\t\t\t<p>En este m\u00f3dulo, nuestro objetivo es capacitar a los formadores con las habilidades para comunicar de manera efectiva los principios y ventajas del aprendizaje semipresencial a los educadores.<\/p><p>Al final de este m\u00f3dulo, estar\u00e1s preparado para inspirar comprensi\u00f3n y entusiasmo por los conceptos del aprendizaje semipresencial a tu p\u00fablico.<\/p>\t\t\t\t\t\t\t\t<\/div>\n\t\t\t\t<\/div>\n\t\t\t\t<div class=\"elementor-element elementor-element-74c5778 elementor-widget-divider--view-line elementor-widget elementor-widget-divider\" data-id=\"74c5778\" data-element_type=\"widget\" data-widget_type=\"divider.default\">\n\t\t\t\t<div class=\"elementor-widget-container\">\n\t\t\t\t\t\t\t<div class=\"elementor-divider\">\n\t\t\t<span class=\"elementor-divider-separator\">\n\t\t\t\t\t\t<\/span>\n\t\t<\/div>\n\t\t\t\t\t\t<\/div>\n\t\t\t\t<\/div>\n\t\t\t\t<div class=\"elementor-element elementor-element-84e43f5 elementor-widget elementor-widget-heading\" data-id=\"84e43f5\" data-element_type=\"widget\" data-widget_type=\"heading.default\">\n\t\t\t\t<div class=\"elementor-widget-container\">\n\t\t\t\t\t<h3 class=\"elementor-heading-title elementor-size-default\"><span class=\"ez-toc-section\" id=\"Definicion_del_aprendizaje_semipresencial_desvelando_los_conceptos_basicos\"><\/span>Definici\u00f3n del aprendizaje semipresencial: desvelando los conceptos b\u00e1sicos<span class=\"ez-toc-section-end\"><\/span><\/h3>\t\t\t\t<\/div>\n\t\t\t\t<\/div>\n\t\t\t\t<div class=\"elementor-element elementor-element-f6dd11b elementor-widget elementor-widget-text-editor\" data-id=\"f6dd11b\" data-element_type=\"widget\" data-widget_type=\"text-editor.default\">\n\t\t\t\t<div class=\"elementor-widget-container\">\n\t\t\t\t\t\t\t\t\t<p>Comencemos por definir el concepto de aprendizaje semipresencial y sus principios fundamentales. Este enfoque implica la combinaci\u00f3n armoniosa de elementos online y presenciales en el proceso educativo. Invita a los formadores a participar en debates sobre c\u00f3mo integrar de manera \u00f3ptima estos componentes, creando as\u00ed un entorno que enriquezca la experiencia educativa en su totalidad.<\/p><p>Proporcionar ejemplos concretos de aplicaciones exitosas del aprendizaje semipresencial puede servir como fuente de inspiraci\u00f3n y ofrecer una ilustraci\u00f3n pr\u00e1ctica de la teor\u00eda en acci\u00f3n.<\/p>\t\t\t\t\t\t\t\t<\/div>\n\t\t\t\t<\/div>\n\t\t\t\t<div class=\"elementor-element elementor-element-4b7f122a elementor-position-left elementor-view-default elementor-mobile-position-top elementor-widget elementor-widget-icon-box\" data-id=\"4b7f122a\" data-element_type=\"widget\" data-widget_type=\"icon-box.default\">\n\t\t\t\t<div class=\"elementor-widget-container\">\n\t\t\t\t\t\t\t<div class=\"elementor-icon-box-wrapper\">\n\n\t\t\t\t\t\t<div class=\"elementor-icon-box-icon\">\n\t\t\t\t<a href=\"https:\/\/docs.google.com\/presentation\/d\/18bPu0_QdQbNgWJWM36yNpXF0FWWEoRih\/edit?usp=sharing&#038;ouid=113898785899379007364&#038;rtpof=true&#038;sd=true\" target=\"_blank\" class=\"elementor-icon\" tabindex=\"-1\" aria-label=\"Introducci\u00f3n al aprendizaje semipresencial\">\n\t\t\t\t<i aria-hidden=\"true\" class=\"fas fa-download\"><\/i>\t\t\t\t<\/a>\n\t\t\t<\/div>\n\t\t\t\n\t\t\t\t\t\t<div class=\"elementor-icon-box-content\">\n\n\t\t\t\t\t\t\t\t\t<h4 class=\"elementor-icon-box-title\">\n\t\t\t\t\t\t<a href=\"https:\/\/docs.google.com\/presentation\/d\/18bPu0_QdQbNgWJWM36yNpXF0FWWEoRih\/edit?usp=sharing&#038;ouid=113898785899379007364&#038;rtpof=true&#038;sd=true\" target=\"_blank\" >\n\t\t\t\t\t\t\tIntroducci\u00f3n al aprendizaje semipresencial\t\t\t\t\t\t<\/a>\n\t\t\t\t\t<\/h4>\n\t\t\t\t\n\t\t\t\t\t\t\t\t\t<p class=\"elementor-icon-box-description\">\n\t\t\t\t\t\tAl descargar este conjunto de diapositivas, obtendr\u00e1s acceso a un recurso que define el concepto de aprendizaje semipresencial y ofrece una explicaci\u00f3n detallada de uno de sus marcos. Si est\u00e1s en las primeras etapas de exploraci\u00f3n del m\u00e9todo de aprendizaje semipresencial, estas diapositivas te proporcionar\u00e1n una comprensi\u00f3n m\u00e1s profunda y ampliar\u00e1n tus habilidades como profesor.\t\t\t\t\t<\/p>\n\t\t\t\t\n\t\t\t<\/div>\n\t\t\t\n\t\t<\/div>\n\t\t\t\t\t\t<\/div>\n\t\t\t\t<\/div>\n\t\t\t\t<div class=\"elementor-element elementor-element-25dc235 elementor-widget elementor-widget-spacer\" data-id=\"25dc235\" data-element_type=\"widget\" data-widget_type=\"spacer.default\">\n\t\t\t\t<div class=\"elementor-widget-container\">\n\t\t\t\t\t\t\t<div class=\"elementor-spacer\">\n\t\t\t<div class=\"elementor-spacer-inner\"><\/div>\n\t\t<\/div>\n\t\t\t\t\t\t<\/div>\n\t\t\t\t<\/div>\n\t\t\t\t<div class=\"elementor-element elementor-element-3354e66 elementor-widget-divider--view-line elementor-widget elementor-widget-divider\" data-id=\"3354e66\" data-element_type=\"widget\" data-widget_type=\"divider.default\">\n\t\t\t\t<div class=\"elementor-widget-container\">\n\t\t\t\t\t\t\t<div class=\"elementor-divider\">\n\t\t\t<span class=\"elementor-divider-separator\">\n\t\t\t\t\t\t<\/span>\n\t\t<\/div>\n\t\t\t\t\t\t<\/div>\n\t\t\t\t<\/div>\n\t\t\t\t<div class=\"elementor-element elementor-element-1e8822a elementor-widget elementor-widget-heading\" data-id=\"1e8822a\" data-element_type=\"widget\" data-widget_type=\"heading.default\">\n\t\t\t\t<div class=\"elementor-widget-container\">\n\t\t\t\t\t<h3 class=\"elementor-heading-title elementor-size-default\"><span class=\"ez-toc-section\" id=\"Cuaderno_de_trabajo_del_aprendizaje_semipresencial_de_calidad\"><\/span>Cuaderno de trabajo del aprendizaje semipresencial de calidad<span class=\"ez-toc-section-end\"><\/span><\/h3>\t\t\t\t<\/div>\n\t\t\t\t<\/div>\n\t\t\t\t\t<\/div>\n\t\t<\/div>\n\t\t\t\t\t<\/div>\n\t\t<\/section>\n\t\t\t\t<div class=\"elementor-element elementor-element-f063db1 elementor-widget elementor-widget-text-editor\" data-id=\"f063db1\" data-element_type=\"widget\" data-widget_type=\"text-editor.default\">\n\t\t\t\t<div class=\"elementor-widget-container\">\n\t\t\t\t\t\t\t\t\t<p>Nuestros colaboradores han desarrollado este cuaderno de trabajo con el prop\u00f3sito de ayudar a las personas a comenzar a utilizar el aprendizaje semipresencial en un entorno educativo, con un enfoque espec\u00edfico en la educaci\u00f3n de adultos.<\/p><p>A continuaci\u00f3n, puedes acceder a una &#8220;Introducci\u00f3n al Cuaderno de Trabajo&#8221; que proporciona una gu\u00eda por cap\u00edtulos, brind\u00e1ndote una visi\u00f3n clara de los temas principales que se abordan en el libro. Tambi\u00e9n tienes la opci\u00f3n de descargar una versi\u00f3n en PDF del Cuaderno de Trabajo del Aprendizaje Semipresencial de Calidad.<\/p>\t\t\t\t\t\t\t\t<\/div>\n\t\t\t\t<\/div>\n\t\t\t\t\t<\/div>\n\t\t<\/div>\n\t\t\t\t\t<\/div>\n\t\t<\/section>\n\t\t\t\t<section class=\"elementor-section elementor-top-section elementor-element elementor-element-26c32dcf elementor-section-boxed elementor-section-height-default elementor-section-height-default\" data-id=\"26c32dcf\" data-element_type=\"section\">\n\t\t\t\t\t\t<div class=\"elementor-container elementor-column-gap-default\">\n\t\t\t\t\t<div class=\"elementor-column elementor-col-100 elementor-top-column elementor-element elementor-element-307079ec\" data-id=\"307079ec\" data-element_type=\"column\">\n\t\t\t<div class=\"elementor-widget-wrap elementor-element-populated\">\n\t\t\t\t\t\t<div class=\"elementor-element elementor-element-d586537 elementor-position-left elementor-view-default elementor-mobile-position-top elementor-widget elementor-widget-icon-box\" data-id=\"d586537\" data-element_type=\"widget\" data-widget_type=\"icon-box.default\">\n\t\t\t\t<div class=\"elementor-widget-container\">\n\t\t\t\t\t\t\t<div class=\"elementor-icon-box-wrapper\">\n\n\t\t\t\t\t\t<div class=\"elementor-icon-box-icon\">\n\t\t\t\t<a href=\"https:\/\/docs.google.com\/presentation\/d\/1Skk9Xn6r7hNw5Jo29k9darh1A87QUNmP\/edit?usp=sharing&#038;ouid=113898785899379007364&#038;rtpof=true&#038;sd=true\" target=\"_blank\" class=\"elementor-icon\" tabindex=\"-1\" aria-label=\"Download &quot;Introduction to Workbook&quot;\">\n\t\t\t\t<i aria-hidden=\"true\" class=\"fas fa-download\"><\/i>\t\t\t\t<\/a>\n\t\t\t<\/div>\n\t\t\t\n\t\t\t\t\t\t<div class=\"elementor-icon-box-content\">\n\n\t\t\t\t\t\t\t\t\t<h4 class=\"elementor-icon-box-title\">\n\t\t\t\t\t\t<a href=\"https:\/\/docs.google.com\/presentation\/d\/1Skk9Xn6r7hNw5Jo29k9darh1A87QUNmP\/edit?usp=sharing&#038;ouid=113898785899379007364&#038;rtpof=true&#038;sd=true\" target=\"_blank\" >\n\t\t\t\t\t\t\tDownload \"Introduction to Workbook\"\t\t\t\t\t\t<\/a>\n\t\t\t\t\t<\/h4>\n\t\t\t\t\n\t\t\t\t\n\t\t\t<\/div>\n\t\t\t\n\t\t<\/div>\n\t\t\t\t\t\t<\/div>\n\t\t\t\t<\/div>\n\t\t\t\t<div class=\"elementor-element elementor-element-1aaf227 elementor-position-left elementor-view-default elementor-mobile-position-top elementor-widget elementor-widget-icon-box\" data-id=\"1aaf227\" data-element_type=\"widget\" data-widget_type=\"icon-box.default\">\n\t\t\t\t<div class=\"elementor-widget-container\">\n\t\t\t\t\t\t\t<div class=\"elementor-icon-box-wrapper\">\n\n\t\t\t\t\t\t<div class=\"elementor-icon-box-icon\">\n\t\t\t\t<a href=\"https:\/\/drive.google.com\/file\/d\/1szpa9nn6oEd1Q1okCvqdoAsqqv-2VGLW\/view?usp=sharing\" target=\"_blank\" class=\"elementor-icon\" tabindex=\"-1\" aria-label=\"Download Workbook\">\n\t\t\t\t<i aria-hidden=\"true\" class=\"fas fa-download\"><\/i>\t\t\t\t<\/a>\n\t\t\t<\/div>\n\t\t\t\n\t\t\t\t\t\t<div class=\"elementor-icon-box-content\">\n\n\t\t\t\t\t\t\t\t\t<h4 class=\"elementor-icon-box-title\">\n\t\t\t\t\t\t<a href=\"https:\/\/drive.google.com\/file\/d\/1szpa9nn6oEd1Q1okCvqdoAsqqv-2VGLW\/view?usp=sharing\" target=\"_blank\" >\n\t\t\t\t\t\t\tDownload Workbook\t\t\t\t\t\t<\/a>\n\t\t\t\t\t<\/h4>\n\t\t\t\t\n\t\t\t\t\n\t\t\t<\/div>\n\t\t\t\n\t\t<\/div>\n\t\t\t\t\t\t<\/div>\n\t\t\t\t<\/div>\n\t\t\t\t<div class=\"elementor-element elementor-element-59d85c9 elementor-widget elementor-widget-spacer\" data-id=\"59d85c9\" data-element_type=\"widget\" data-widget_type=\"spacer.default\">\n\t\t\t\t<div class=\"elementor-widget-container\">\n\t\t\t\t\t\t\t<div class=\"elementor-spacer\">\n\t\t\t<div class=\"elementor-spacer-inner\"><\/div>\n\t\t<\/div>\n\t\t\t\t\t\t<\/div>\n\t\t\t\t<\/div>\n\t\t\t\t<div class=\"elementor-element elementor-element-5eaf627a elementor-widget-divider--view-line elementor-widget elementor-widget-divider\" data-id=\"5eaf627a\" data-element_type=\"widget\" data-widget_type=\"divider.default\">\n\t\t\t\t<div class=\"elementor-widget-container\">\n\t\t\t\t\t\t\t<div class=\"elementor-divider\">\n\t\t\t<span class=\"elementor-divider-separator\">\n\t\t\t\t\t\t<\/span>\n\t\t<\/div>\n\t\t\t\t\t\t<\/div>\n\t\t\t\t<\/div>\n\t\t\t\t<div class=\"elementor-element elementor-element-577fedc elementor-widget elementor-widget-heading\" data-id=\"577fedc\" data-element_type=\"widget\" data-widget_type=\"heading.default\">\n\t\t\t\t<div class=\"elementor-widget-container\">\n\t\t\t\t\t<h3 class=\"elementor-heading-title elementor-size-default\"><span class=\"ez-toc-section\" id=\"El_arte_de_ensenar\"><\/span>El arte de ense\u00f1ar<span class=\"ez-toc-section-end\"><\/span><\/h3>\t\t\t\t<\/div>\n\t\t\t\t<\/div>\n\t\t\t\t<div class=\"elementor-element elementor-element-8c15206 elementor-widget elementor-widget-text-editor\" data-id=\"8c15206\" data-element_type=\"widget\" data-widget_type=\"text-editor.default\">\n\t\t\t\t<div class=\"elementor-widget-container\">\n\t\t\t\t\t\t\t\t\t<p>La ense\u00f1anza va m\u00e1s all\u00e1 de simplemente impartir informaci\u00f3n. Explora el potencial transformador del aprendizaje semipresencial para crear experiencias educativas personalizadas. Ad\u00e9ntrate en discusiones sobre tecnolog\u00edas adaptativas y estrategias de ense\u00f1anza diferenciada que capaciten a los formadores para satisfacer las diversas necesidades de su audiencia.<\/p>\t\t\t\t\t\t\t\t<\/div>\n\t\t\t\t<\/div>\n\t\t\t\t<div class=\"elementor-element elementor-element-0f19dbb elementor-position-left elementor-view-default elementor-mobile-position-top elementor-widget elementor-widget-icon-box\" data-id=\"0f19dbb\" data-element_type=\"widget\" data-widget_type=\"icon-box.default\">\n\t\t\t\t<div class=\"elementor-widget-container\">\n\t\t\t\t\t\t\t<div class=\"elementor-icon-box-wrapper\">\n\n\t\t\t\t\t\t<div class=\"elementor-icon-box-icon\">\n\t\t\t\t<a href=\"https:\/\/docs.google.com\/presentation\/d\/127nYCQNIL4U4aOFv7bjxlzhIq__7Wy62\/edit?usp=sharing&#038;ouid=113898785899379007364&#038;rtpof=true&#038;sd=true\" target=\"_blank\" class=\"elementor-icon\" tabindex=\"-1\" aria-label=\"Download &quot;\u00bfPor qu\u00e9 ense\u00f1amos?&quot; \">\n\t\t\t\t<i aria-hidden=\"true\" class=\"fas fa-download\"><\/i>\t\t\t\t<\/a>\n\t\t\t<\/div>\n\t\t\t\n\t\t\t\t\t\t<div class=\"elementor-icon-box-content\">\n\n\t\t\t\t\t\t\t\t\t<h4 class=\"elementor-icon-box-title\">\n\t\t\t\t\t\t<a href=\"https:\/\/docs.google.com\/presentation\/d\/127nYCQNIL4U4aOFv7bjxlzhIq__7Wy62\/edit?usp=sharing&#038;ouid=113898785899379007364&#038;rtpof=true&#038;sd=true\" target=\"_blank\" >\n\t\t\t\t\t\t\tDownload \"\u00bfPor qu\u00e9 ense\u00f1amos?\" \t\t\t\t\t\t<\/a>\n\t\t\t\t\t<\/h4>\n\t\t\t\t\n\t\t\t\t\t\t\t\t\t<p class=\"elementor-icon-box-description\">\n\t\t\t\t\t\tAl descargar este conjunto de diapositivas tendr\u00e1s acceso a un material que definir\u00e1 el concepto de aprendizaje semipresencial y explicar\u00e1 uno de sus marcos. Si acabas de empezar a explorar el m\u00e9todo de aprendizaje semipresencial, puedes usarlo para entenderlo mejor y ampliar tus posibilidades como profesor.\t\t\t\t\t<\/p>\n\t\t\t\t\n\t\t\t<\/div>\n\t\t\t\n\t\t<\/div>\n\t\t\t\t\t\t<\/div>\n\t\t\t\t<\/div>\n\t\t\t\t<div class=\"elementor-element elementor-element-2eada74 elementor-widget elementor-widget-spacer\" data-id=\"2eada74\" data-element_type=\"widget\" data-widget_type=\"spacer.default\">\n\t\t\t\t<div class=\"elementor-widget-container\">\n\t\t\t\t\t\t\t<div class=\"elementor-spacer\">\n\t\t\t<div class=\"elementor-spacer-inner\"><\/div>\n\t\t<\/div>\n\t\t\t\t\t\t<\/div>\n\t\t\t\t<\/div>\n\t\t\t\t<div class=\"elementor-element elementor-element-33475b7 elementor-widget-divider--view-line elementor-widget elementor-widget-divider\" data-id=\"33475b7\" data-element_type=\"widget\" data-widget_type=\"divider.default\">\n\t\t\t\t<div class=\"elementor-widget-container\">\n\t\t\t\t\t\t\t<div class=\"elementor-divider\">\n\t\t\t<span class=\"elementor-divider-separator\">\n\t\t\t\t\t\t<\/span>\n\t\t<\/div>\n\t\t\t\t\t\t<\/div>\n\t\t\t\t<\/div>\n\t\t\t\t<div class=\"elementor-element elementor-element-7e33b62 elementor-widget elementor-widget-heading\" data-id=\"7e33b62\" data-element_type=\"widget\" data-widget_type=\"heading.default\">\n\t\t\t\t<div class=\"elementor-widget-container\">\n\t\t\t\t\t<h3 class=\"elementor-heading-title elementor-size-default\"><span class=\"ez-toc-section\" id=\"Talleres_interactivos_aplicar_los_conocimientos_a_la_formacion\"><\/span>Talleres interactivos: aplicar los conocimientos a la formaci\u00f3n<span class=\"ez-toc-section-end\"><\/span><\/h3>\t\t\t\t<\/div>\n\t\t\t\t<\/div>\n\t\t\t\t<div class=\"elementor-element elementor-element-9ade648 elementor-widget elementor-widget-text-editor\" data-id=\"9ade648\" data-element_type=\"widget\" data-widget_type=\"text-editor.default\">\n\t\t\t\t<div class=\"elementor-widget-container\">\n\t\t\t\t\t\t\t\t\t<p>Esta secci\u00f3n transforma la teor\u00eda en pr\u00e1ctica y ofrece a los formadores experiencias pr\u00e1cticas para aplicar y perfeccionar sus conocimientos.<\/p>\t\t\t\t\t\t\t\t<\/div>\n\t\t\t\t<\/div>\n\t\t\t\t<div class=\"elementor-element elementor-element-5be61bb elementor-position-left elementor-view-default elementor-mobile-position-top elementor-widget elementor-widget-icon-box\" data-id=\"5be61bb\" data-element_type=\"widget\" data-widget_type=\"icon-box.default\">\n\t\t\t\t<div class=\"elementor-widget-container\">\n\t\t\t\t\t\t\t<div class=\"elementor-icon-box-wrapper\">\n\n\t\t\t\t\t\t<div class=\"elementor-icon-box-icon\">\n\t\t\t\t<a href=\"https:\/\/docs.google.com\/presentation\/d\/1NeTWHiFQ_XO-W-Xb9HJytjc1UmwhVsFK\/edit?usp=sharing&#038;ouid=113898785899379007364&#038;rtpof=true&#038;sd=true\" target=\"_blank\" class=\"elementor-icon\" tabindex=\"-1\" aria-label=\"&quot;Download Aprendizaje semipresencial en marcha&quot;\">\n\t\t\t\t<i aria-hidden=\"true\" class=\"fas fa-download\"><\/i>\t\t\t\t<\/a>\n\t\t\t<\/div>\n\t\t\t\n\t\t\t\t\t\t<div class=\"elementor-icon-box-content\">\n\n\t\t\t\t\t\t\t\t\t<h4 class=\"elementor-icon-box-title\">\n\t\t\t\t\t\t<a href=\"https:\/\/docs.google.com\/presentation\/d\/1NeTWHiFQ_XO-W-Xb9HJytjc1UmwhVsFK\/edit?usp=sharing&#038;ouid=113898785899379007364&#038;rtpof=true&#038;sd=true\" target=\"_blank\" >\n\t\t\t\t\t\t\t\"Download Aprendizaje semipresencial en marcha\"\t\t\t\t\t\t<\/a>\n\t\t\t\t\t<\/h4>\n\t\t\t\t\n\t\t\t\t\t\t\t\t\t<p class=\"elementor-icon-box-description\">\n\t\t\t\t\t\tLa siguiente actividad permite a los participantes realizar una prueba r\u00e1pida y din\u00e1mica de una actuaci\u00f3n de la ense\u00f1anza del aprendizaje semipresencial. Lo ideal es que esta actividad se imparta a un grupo de personas. \nConsejo de profesional: Realiza juegos de rol en los que los formadores puedan comunicar eficazmente los principios y las ventajas del aprendizaje semipresencial. Favorece el feedback y la reflexi\u00f3n entre compa\u00f1eros para una mejora constante y fomenta un entorno en el que los formadores pueden perfeccionar sus competencias mediante la experiencia pr\u00e1ctica.\n\t\t\t\t\t<\/p>\n\t\t\t\t\n\t\t\t<\/div>\n\t\t\t\n\t\t<\/div>\n\t\t\t\t\t\t<\/div>\n\t\t\t\t<\/div>\n\t\t\t\t<div class=\"elementor-element elementor-element-f791b67 elementor-widget elementor-widget-spacer\" data-id=\"f791b67\" data-element_type=\"widget\" data-widget_type=\"spacer.default\">\n\t\t\t\t<div class=\"elementor-widget-container\">\n\t\t\t\t\t\t\t<div class=\"elementor-spacer\">\n\t\t\t<div class=\"elementor-spacer-inner\"><\/div>\n\t\t<\/div>\n\t\t\t\t\t\t<\/div>\n\t\t\t\t<\/div>\n\t\t\t\t<div class=\"elementor-element elementor-element-6ea3405 elementor-widget-divider--view-line elementor-widget elementor-widget-divider\" data-id=\"6ea3405\" data-element_type=\"widget\" data-widget_type=\"divider.default\">\n\t\t\t\t<div class=\"elementor-widget-container\">\n\t\t\t\t\t\t\t<div class=\"elementor-divider\">\n\t\t\t<span class=\"elementor-divider-separator\">\n\t\t\t\t\t\t<\/span>\n\t\t<\/div>\n\t\t\t\t\t\t<\/div>\n\t\t\t\t<\/div>\n\t\t\t\t<div class=\"elementor-element elementor-element-36f98079 elementor-widget elementor-widget-heading\" data-id=\"36f98079\" data-element_type=\"widget\" data-widget_type=\"heading.default\">\n\t\t\t\t<div class=\"elementor-widget-container\">\n\t\t\t\t\t<h3 class=\"elementor-heading-title elementor-size-default\"><span class=\"ez-toc-section\" id=\"Actividad\"><\/span>Actividad<span class=\"ez-toc-section-end\"><\/span><\/h3>\t\t\t\t<\/div>\n\t\t\t\t<\/div>\n\t\t\t\t\t<\/div>\n\t\t<\/div>\n\t\t\t\t\t<\/div>\n\t\t<\/section>\n\t\t\t\t<section class=\"elementor-section elementor-top-section elementor-element elementor-element-9d19733 elementor-section-boxed elementor-section-height-default elementor-section-height-default\" data-id=\"9d19733\" data-element_type=\"section\">\n\t\t\t\t\t\t<div class=\"elementor-container elementor-column-gap-default\">\n\t\t\t\t\t<div class=\"elementor-column elementor-col-100 elementor-top-column elementor-element elementor-element-62122db8\" data-id=\"62122db8\" data-element_type=\"column\">\n\t\t\t<div class=\"elementor-widget-wrap elementor-element-populated\">\n\t\t\t\t\t\t<div class=\"elementor-element elementor-element-78923e3 elementor-widget elementor-widget-text-editor\" data-id=\"78923e3\" data-element_type=\"widget\" data-widget_type=\"text-editor.default\">\n\t\t\t\t<div class=\"elementor-widget-container\">\n\t\t\t\t\t\t\t\t\t<p>Dise\u00f1a una breve presentaci\u00f3n o v\u00eddeo que transmita los principios y beneficios del aprendizaje semipresencial. Pon en pr\u00e1ctica las estrategias de comunicaci\u00f3n tratadas en este m\u00f3dulo<\/p>\t\t\t\t\t\t\t\t<\/div>\n\t\t\t\t<\/div>\n\t\t\t\t\t<\/div>\n\t\t<\/div>\n\t\t\t\t\t<\/div>\n\t\t<\/section>\n\t\t\t\t<\/div>\n\t\t","protected":false},"excerpt":{"rendered":"<p>C\u00f3mo ense\u00f1ar el concepto de aprendizaje semipresencial En este m\u00f3dulo, nuestro objetivo es capacitar a los formadores con las habilidades para comunicar de manera efectiva los principios y ventajas del aprendizaje semipresencial a los educadores. Al final de este m\u00f3dulo, estar\u00e1s preparado para inspirar comprensi\u00f3n y entusiasmo por los conceptos del aprendizaje semipresencial a tu [&hellip;]<\/p>\n","protected":false},"author":1,"featured_media":0,"parent":1317,"menu_order":0,"comment_status":"closed","ping_status":"closed","template":"","meta":{"zakra_page_container_layout":"customizer","zakra_page_sidebar_layout":"customizer","zakra_remove_content_margin":false,"zakra_sidebar":"customizer","zakra_transparent_header":"customizer","zakra_logo":0,"zakra_main_header_style":"default","zakra_menu_item_color":"","zakra_menu_item_hover_color":"","zakra_menu_item_active_color":"","zakra_menu_active_style":"","zakra_page_header":false,"footnotes":""},"class_list":["post-1319","page","type-page","status-publish","hentry"],"_links":{"self":[{"href":"https:\/\/ascnet.ie\/blitt\/wp-json\/wp\/v2\/pages\/1319","targetHints":{"allow":["GET"]}}],"collection":[{"href":"https:\/\/ascnet.ie\/blitt\/wp-json\/wp\/v2\/pages"}],"about":[{"href":"https:\/\/ascnet.ie\/blitt\/wp-json\/wp\/v2\/types\/page"}],"author":[{"embeddable":true,"href":"https:\/\/ascnet.ie\/blitt\/wp-json\/wp\/v2\/users\/1"}],"replies":[{"embeddable":true,"href":"https:\/\/ascnet.ie\/blitt\/wp-json\/wp\/v2\/comments?post=1319"}],"version-history":[{"count":34,"href":"https:\/\/ascnet.ie\/blitt\/wp-json\/wp\/v2\/pages\/1319\/revisions"}],"predecessor-version":[{"id":2567,"href":"https:\/\/ascnet.ie\/blitt\/wp-json\/wp\/v2\/pages\/1319\/revisions\/2567"}],"up":[{"embeddable":true,"href":"https:\/\/ascnet.ie\/blitt\/wp-json\/wp\/v2\/pages\/1317"}],"wp:attachment":[{"href":"https:\/\/ascnet.ie\/blitt\/wp-json\/wp\/v2\/media?parent=1319"}],"curies":[{"name":"wp","href":"https:\/\/api.w.org\/{rel}","templated":true}]}}