{"id":1317,"date":"2024-03-01T14:56:02","date_gmt":"2024-03-01T14:56:02","guid":{"rendered":"https:\/\/ascnet.ie\/blitt\/?page_id=1317"},"modified":"2024-04-16T12:12:43","modified_gmt":"2024-04-16T12:12:43","slug":"1-empowering-trainers-for-blended-learning-education-spanish","status":"publish","type":"page","link":"https:\/\/ascnet.ie\/blitt\/home-spanish\/1-empowering-trainers-for-blended-learning-education-spanish\/","title":{"rendered":"1. Empowering Trainers for Blended Learning Education\u00a0(Spanish)"},"content":{"rendered":"\t\t<div data-elementor-type=\"wp-page\" data-elementor-id=\"1317\" class=\"elementor elementor-1317\">\n\t\t\t\t\t\t<section class=\"elementor-section elementor-top-section elementor-element elementor-element-9c0dc5b elementor-section-boxed elementor-section-height-default elementor-section-height-default\" data-id=\"9c0dc5b\" data-element_type=\"section\">\n\t\t\t\t\t\t<div class=\"elementor-container elementor-column-gap-default\">\n\t\t\t\t\t<div class=\"elementor-column elementor-col-100 elementor-top-column elementor-element elementor-element-3f5a9564\" data-id=\"3f5a9564\" data-element_type=\"column\">\n\t\t\t<div class=\"elementor-widget-wrap elementor-element-populated\">\n\t\t\t\t\t\t<div class=\"elementor-element elementor-element-6ff1a361 elementor-widget elementor-widget-spacer\" data-id=\"6ff1a361\" data-element_type=\"widget\" data-widget_type=\"spacer.default\">\n\t\t\t\t<div class=\"elementor-widget-container\">\n\t\t\t\t\t\t\t<div class=\"elementor-spacer\">\n\t\t\t<div class=\"elementor-spacer-inner\"><\/div>\n\t\t<\/div>\n\t\t\t\t\t\t<\/div>\n\t\t\t\t<\/div>\n\t\t\t\t<div class=\"elementor-element elementor-element-da753cc elementor-widget elementor-widget-menu-anchor\" data-id=\"da753cc\" data-element_type=\"widget\" data-widget_type=\"menu-anchor.default\">\n\t\t\t\t<div class=\"elementor-widget-container\">\n\t\t\t\t\t\t\t<div class=\"elementor-menu-anchor\" id=\"Intro\"><\/div>\n\t\t\t\t\t\t<\/div>\n\t\t\t\t<\/div>\n\t\t\t\t<div class=\"elementor-element elementor-element-579bc3e9 elementor-widget elementor-widget-heading\" data-id=\"579bc3e9\" data-element_type=\"widget\" data-widget_type=\"heading.default\">\n\t\t\t\t<div class=\"elementor-widget-container\">\n\t\t\t\t\t<h2 class=\"elementor-heading-title elementor-size-default\"><span class=\"ez-toc-section\" id=\"Como_motivar_a_formadores_de_ensenanza_del_aprendizaje_semipresencial\"><\/span>C\u00f3mo motivar a formadores de ense\u00f1anza del aprendizaje semipresencial <span class=\"ez-toc-section-end\"><\/span><\/h2>\t\t\t\t<\/div>\n\t\t\t\t<\/div>\n\t\t\t\t<div class=\"elementor-element elementor-element-72709fca elementor-widget elementor-widget-spacer\" data-id=\"72709fca\" data-element_type=\"widget\" data-widget_type=\"spacer.default\">\n\t\t\t\t<div class=\"elementor-widget-container\">\n\t\t\t\t\t\t\t<div class=\"elementor-spacer\">\n\t\t\t<div class=\"elementor-spacer-inner\"><\/div>\n\t\t<\/div>\n\t\t\t\t\t\t<\/div>\n\t\t\t\t<\/div>\n\t\t\t\t<div class=\"elementor-element elementor-element-4fda5ce7 elementor-widget-divider--view-line elementor-widget elementor-widget-divider\" data-id=\"4fda5ce7\" data-element_type=\"widget\" data-widget_type=\"divider.default\">\n\t\t\t\t<div class=\"elementor-widget-container\">\n\t\t\t\t\t\t\t<div class=\"elementor-divider\">\n\t\t\t<span class=\"elementor-divider-separator\">\n\t\t\t\t\t\t<\/span>\n\t\t<\/div>\n\t\t\t\t\t\t<\/div>\n\t\t\t\t<\/div>\n\t\t\t\t<div class=\"elementor-element elementor-element-5251146c elementor-widget elementor-widget-text-editor\" data-id=\"5251146c\" data-element_type=\"widget\" data-widget_type=\"text-editor.default\">\n\t\t\t\t<div class=\"elementor-widget-container\">\n\t\t\t\t\t\t\t\t\t<p style=\"font-weight: 400;\">\u00a1Bienvenido a nuestro curso \u00abc\u00f3mo motivar a formadores de ense\u00f1anza del aprendizaje semipresencial\u00bb!<\/p><p style=\"font-weight: 400;\">A medida que los profesores se enfrentan en el din\u00e1mico panorama educativo, es fundamental que cuenten con los conocimientos y habilidades necesarias para poner en pr\u00e1tica, de manera satisfactoria, las estrategias del aprendizaje semipresencial.<\/p><p style=\"font-weight: 400;\">Al final de este curso, \u00a1ser\u00e1s un campe\u00f3n del aprendizaje semipresencial en tu centro y podr\u00e1s ayudar a profesores a a\u00f1adir ese toque de aprendizaje semipresencial a sus cursos! \u00a0<br \/><br \/><\/p>\t\t\t\t\t\t\t\t<\/div>\n\t\t\t\t<\/div>\n\t\t\t\t<div class=\"elementor-element elementor-element-5aee90c elementor-widget-divider--view-line elementor-widget elementor-widget-divider\" data-id=\"5aee90c\" data-element_type=\"widget\" data-widget_type=\"divider.default\">\n\t\t\t\t<div class=\"elementor-widget-container\">\n\t\t\t\t\t\t\t<div class=\"elementor-divider\">\n\t\t\t<span class=\"elementor-divider-separator\">\n\t\t\t\t\t\t<\/span>\n\t\t<\/div>\n\t\t\t\t\t\t<\/div>\n\t\t\t\t<\/div>\n\t\t\t\t<div class=\"elementor-element elementor-element-62b056ae elementor-widget elementor-widget-heading\" data-id=\"62b056ae\" data-element_type=\"widget\" data-widget_type=\"heading.default\">\n\t\t\t\t<div class=\"elementor-widget-container\">\n\t\t\t\t\t<h3 class=\"elementor-heading-title elementor-size-default\"><span class=\"ez-toc-section\" id=\"Guia_de_navegacion\"><\/span>Gu\u00eda de navegaci\u00f3n <span class=\"ez-toc-section-end\"><\/span><\/h3>\t\t\t\t<\/div>\n\t\t\t\t<\/div>\n\t\t\t\t<div class=\"elementor-element elementor-element-b47ab09 elementor-widget elementor-widget-text-editor\" data-id=\"b47ab09\" data-element_type=\"widget\" data-widget_type=\"text-editor.default\">\n\t\t\t\t<div class=\"elementor-widget-container\">\n\t\t\t\t\t\t\t\t\t<p style=\"font-weight: 400;\">Para sacarle el m\u00e1ximo partido a este curso, ten en cuenta las siguientes sugerencias en funci\u00f3n de tu nivel de experiencia:<\/p><ul><li>Si acabas de empezar a compartir tus conocimientos de aprendizaje semipresencial con otros, utiliza los recursos y pautas de cada m\u00f3dulo para desarrollar o ampliar tu formaci\u00f3n.<\/li><li>Si ya tienes experiencia en la formaci\u00f3n de profesores de aprendizaje semipresencial, descarga, adapta y utiliza los recursos como creas oportuno y utiliza nuestras pautas como gu\u00eda para verificar el contenido de la formaci\u00f3n.<\/li><\/ul>\t\t\t\t\t\t\t\t<\/div>\n\t\t\t\t<\/div>\n\t\t\t\t<div class=\"elementor-element elementor-element-18af95a8 elementor-widget-divider--view-line elementor-widget elementor-widget-divider\" data-id=\"18af95a8\" data-element_type=\"widget\" data-widget_type=\"divider.default\">\n\t\t\t\t<div class=\"elementor-widget-container\">\n\t\t\t\t\t\t\t<div class=\"elementor-divider\">\n\t\t\t<span class=\"elementor-divider-separator\">\n\t\t\t\t\t\t<\/span>\n\t\t<\/div>\n\t\t\t\t\t\t<\/div>\n\t\t\t\t<\/div>\n\t\t\t\t<div class=\"elementor-element elementor-element-fe5fd51 elementor-widget elementor-widget-heading\" data-id=\"fe5fd51\" data-element_type=\"widget\" data-widget_type=\"heading.default\">\n\t\t\t\t<div class=\"elementor-widget-container\">\n\t\t\t\t\t<h3 class=\"elementor-heading-title elementor-size-default\"><span class=\"ez-toc-section\" id=\"%C2%BFA_quien_va_dirigido\"><\/span>\u00bfA qui\u00e9n va dirigido?<span class=\"ez-toc-section-end\"><\/span><\/h3>\t\t\t\t<\/div>\n\t\t\t\t<\/div>\n\t\t\t\t<div class=\"elementor-element elementor-element-d49c2ea elementor-widget elementor-widget-text-editor\" data-id=\"d49c2ea\" data-element_type=\"widget\" data-widget_type=\"text-editor.default\">\n\t\t\t\t<div class=\"elementor-widget-container\">\n\t\t\t\t\t\t\t\t\t<p style=\"font-weight: 400;\">Si ya tienes experiencia en la ense\u00f1anza mixta, \u00a1es momento de ense\u00f1ar a otros!<\/p><p style=\"font-weight: 400;\">Este curso est\u00e1 dise\u00f1ado espec\u00edficamente para profesores, formadores y dise\u00f1adores educativos que tienen como finalidad, educar y apoyar a profesores en la implementaci\u00f3n de metodolog\u00edas de aprendizaje semipresencial.<\/p><p style=\"font-weight: 400;\">Tanto si tienes mucha experiencia como formador, como si acabas de empezar a desarrollar tus habilidades, este curso te proporcionar\u00e1 valiosos conocimientos y estrategias concretas para que sepas c\u00f3mo transformar tus formaciones y cursos con el aprendizaje semipresencial, y c\u00f3mo transmitir esos conocimientos a otros.<\/p>\t\t\t\t\t\t\t\t<\/div>\n\t\t\t\t<\/div>\n\t\t\t\t<div class=\"elementor-element elementor-element-ae4cbc5 elementor-widget-divider--view-line elementor-widget elementor-widget-divider\" data-id=\"ae4cbc5\" data-element_type=\"widget\" data-widget_type=\"divider.default\">\n\t\t\t\t<div class=\"elementor-widget-container\">\n\t\t\t\t\t\t\t<div class=\"elementor-divider\">\n\t\t\t<span class=\"elementor-divider-separator\">\n\t\t\t\t\t\t<\/span>\n\t\t<\/div>\n\t\t\t\t\t\t<\/div>\n\t\t\t\t<\/div>\n\t\t\t\t<div class=\"elementor-element elementor-element-230c7b79 elementor-widget elementor-widget-heading\" data-id=\"230c7b79\" data-element_type=\"widget\" data-widget_type=\"heading.default\">\n\t\t\t\t<div class=\"elementor-widget-container\">\n\t\t\t\t\t<h3 class=\"elementor-heading-title elementor-size-default\"><span class=\"ez-toc-section\" id=\"Contenido_del_curso\"><\/span>Contenido del curso<span class=\"ez-toc-section-end\"><\/span><\/h3>\t\t\t\t<\/div>\n\t\t\t\t<\/div>\n\t\t\t\t<div class=\"elementor-element elementor-element-23ecae69 elementor-widget__width-initial elementor-widget elementor-widget-text-editor\" data-id=\"23ecae69\" data-element_type=\"widget\" data-widget_type=\"text-editor.default\">\n\t\t\t\t<div class=\"elementor-widget-container\">\n\t\t\t\t\t\t\t\t\t<table width=\"652\"><tbody><tr><td width=\"236\"><h5><a href=\"https:\/\/ascnet.ie\/blitt\/home-spanish\/1-empowering-trainers-for-blended-learning-education-spanish\/2-understanding-the-target-audience-spanish\/\">Entender a qu\u00e9 p\u00fablico va dirigido\u00a0<\/a><\/h5><h5>\u00a0<\/h5><\/td><td width=\"416\"><p>Obt\u00e9n informaci\u00f3n sobre c\u00f3mo adaptar el contenido de la formaci\u00f3n a las diversas necesidades de los educadores, garantizando la inclusi\u00f3n y la adecuaci\u00f3n. \u00a0<\/p><\/td><\/tr><tr><td width=\"236\"><h5><a href=\"https:\/\/ascnet.ie\/blitt\/home-spanish\/1-empowering-trainers-for-blended-learning-education-spanish\/3-teaching-the-concept-of-blended-learning-spanish\/\">C\u00f3mo ense\u00f1ar el concepto de aprendizaje semipresencial\u00a0<\/a><\/h5><h5>\u00a0<\/h5><\/td><td width=\"416\"><p>Aprende a transmitir, de forma eficaz, los principios y beneficios de la ense\u00f1anza semipresencial a profesores.<\/p><\/td><\/tr><tr><td width=\"236\"><h5><a href=\"https:\/\/ascnet.ie\/blitt\/home-spanish\/1-empowering-trainers-for-blended-learning-education-spanish\/4-organizing-and-transforming-your-blended-learning-course-spanish\/\">Organiza un curso semipresencial<\/a><\/h5><h3><span class=\"ez-toc-section\" id=\"i\"><\/span>\u00a0<span class=\"ez-toc-section-end\"><\/span><\/h3><\/td><td width=\"416\"><p>Aprende a orientar sobre c\u00f3mo estructurar un curso semipresencial, haciendo hincapi\u00e9 en la importancia de proporcionar una experiencia educativa bien organizada e interesante.<\/p><\/td><\/tr><tr><td width=\"236\"><h5><a href=\"https:\/\/ascnet.ie\/blitt\/home-spanish\/learn-from-our-experience-spanish\/\">Nuestra experiencia<\/a><\/h5><h3><span class=\"ez-toc-section\" id=\"i-2\"><\/span>\u00a0<span class=\"ez-toc-section-end\"><\/span><\/h3><\/td><td width=\"416\"><p>Aprende de nuestra s\u00f3lida experiencia en la transformaci\u00f3n de cursos y formaciones con ense\u00f1anza semipresencial.<\/p><\/td><\/tr><tr><td width=\"236\"><h5><a href=\"https:\/\/ascnet.ie\/blitt\/home-spanish\/1-empowering-trainers-for-blended-learning-education-spanish\/resources-for-you-spanish\/\">Recursos disponibles\u00a0<\/a><\/h5><\/td><td width=\"416\"><p>Accede a una serie de recursos que podr\u00e1s utilizar cuando formes a profesores en ense\u00f1anza semipresencial, tales como ideas para romper el hielo o dinamizar la clase, as\u00ed como herramientas digitales para implementar la ense\u00f1anza semipresencial.<\/p><\/td><\/tr><\/tbody><\/table>\t\t\t\t\t\t\t\t<\/div>\n\t\t\t\t<\/div>\n\t\t\t\t<div class=\"elementor-element elementor-element-53524280 elementor-widget-divider--view-line elementor-widget elementor-widget-divider\" data-id=\"53524280\" data-element_type=\"widget\" data-widget_type=\"divider.default\">\n\t\t\t\t<div class=\"elementor-widget-container\">\n\t\t\t\t\t\t\t<div class=\"elementor-divider\">\n\t\t\t<span class=\"elementor-divider-separator\">\n\t\t\t\t\t\t<\/span>\n\t\t<\/div>\n\t\t\t\t\t\t<\/div>\n\t\t\t\t<\/div>\n\t\t\t\t<div class=\"elementor-element elementor-element-50490369 elementor-widget elementor-widget-heading\" data-id=\"50490369\" data-element_type=\"widget\" data-widget_type=\"heading.default\">\n\t\t\t\t<div class=\"elementor-widget-container\">\n\t\t\t\t\t<h3 class=\"elementor-heading-title elementor-size-default\"><span class=\"ez-toc-section\" id=\"Recursos_del_curso\"><\/span>Recursos del curso<span class=\"ez-toc-section-end\"><\/span><\/h3>\t\t\t\t<\/div>\n\t\t\t\t<\/div>\n\t\t\t\t\t<\/div>\n\t\t<\/div>\n\t\t\t\t\t<\/div>\n\t\t<\/section>\n\t\t\t\t<section class=\"elementor-section elementor-top-section elementor-element elementor-element-e6562b4 elementor-section-boxed elementor-section-height-default elementor-section-height-default\" data-id=\"e6562b4\" data-element_type=\"section\">\n\t\t\t\t\t\t<div class=\"elementor-container elementor-column-gap-default\">\n\t\t\t\t\t<div class=\"elementor-column elementor-col-100 elementor-top-column elementor-element elementor-element-e68c72a\" data-id=\"e68c72a\" data-element_type=\"column\">\n\t\t\t<div class=\"elementor-widget-wrap elementor-element-populated\">\n\t\t\t\t\t\t<div class=\"elementor-element elementor-element-209a8da elementor-widget elementor-widget-text-editor\" data-id=\"209a8da\" data-element_type=\"widget\" data-widget_type=\"text-editor.default\">\n\t\t\t\t<div class=\"elementor-widget-container\">\n\t\t\t\t\t\t\t\t\t<p>Cada m\u00f3dulo de este curso contiene recursos que te ser\u00e1n de gran utilidad:<\/p><ul><li>Diapositivas que puedes utilizar como apoyo visual durante tus sesiones formativas o como referencia mientras preparas tus propios materiales.<\/li><li>Plantillas para organizar actividades con tus alumnos.<\/li><li>V\u00eddeos explicativos de los principios de la ense\u00f1anza semipresencial.<\/li><li>Enlaces a recursos externos para complementar el curso.<\/li><li>Casos pr\u00e1cticos para que profesores y formadores puedan sacar conclusiones e ideas para sus cursos.<\/li><\/ul>\t\t\t\t\t\t\t\t<\/div>\n\t\t\t\t<\/div>\n\t\t\t\t\t<\/div>\n\t\t<\/div>\n\t\t\t\t\t<\/div>\n\t\t<\/section>\n\t\t\t\t<section class=\"elementor-section elementor-top-section elementor-element elementor-element-630f0f3b elementor-section-boxed elementor-section-height-default elementor-section-height-default\" data-id=\"630f0f3b\" data-element_type=\"section\">\n\t\t\t\t\t\t<div class=\"elementor-container elementor-column-gap-default\">\n\t\t\t\t\t<div class=\"elementor-column elementor-col-100 elementor-top-column elementor-element elementor-element-385ae5bc\" data-id=\"385ae5bc\" data-element_type=\"column\">\n\t\t\t<div class=\"elementor-widget-wrap elementor-element-populated\">\n\t\t\t\t\t\t<section class=\"elementor-section elementor-inner-section elementor-element elementor-element-3c843f79 elementor-section-boxed elementor-section-height-default elementor-section-height-default\" data-id=\"3c843f79\" data-element_type=\"section\">\n\t\t\t\t\t\t<div class=\"elementor-container elementor-column-gap-default\">\n\t\t\t\t\t<div class=\"elementor-column elementor-col-100 elementor-inner-column elementor-element elementor-element-60075081\" data-id=\"60075081\" data-element_type=\"column\">\n\t\t\t<div class=\"elementor-widget-wrap elementor-element-populated\">\n\t\t\t\t\t\t<div class=\"elementor-element elementor-element-eb8f9e3 elementor-widget-divider--view-line elementor-widget elementor-widget-divider\" data-id=\"eb8f9e3\" data-element_type=\"widget\" data-widget_type=\"divider.default\">\n\t\t\t\t<div class=\"elementor-widget-container\">\n\t\t\t\t\t\t\t<div class=\"elementor-divider\">\n\t\t\t<span class=\"elementor-divider-separator\">\n\t\t\t\t\t\t<\/span>\n\t\t<\/div>\n\t\t\t\t\t\t<\/div>\n\t\t\t\t<\/div>\n\t\t\t\t<div class=\"elementor-element elementor-element-309c111e elementor-widget elementor-widget-text-editor\" data-id=\"309c111e\" data-element_type=\"widget\" data-widget_type=\"text-editor.default\">\n\t\t\t\t<div class=\"elementor-widget-container\">\n\t\t\t\t\t\t\t\t\t<p>Prep\u00e1rate para embarcarte en un viaje que te dotar\u00e1 de las herramientas y los conocimientos necesarios para transformar cualquier curso con el aprendizaje semipresencial, de una manera eficaz, as\u00ed como para educar e inspirar a profesores.<\/p><p>\u00a1Bienvenido al curso \u00abc\u00f3mo motivar a formadores de ense\u00f1anza del aprendizaje semipresencial!<\/p>\t\t\t\t\t\t\t\t<\/div>\n\t\t\t\t<\/div>\n\t\t\t\t\t<\/div>\n\t\t<\/div>\n\t\t\t\t\t<\/div>\n\t\t<\/section>\n\t\t\t\t\t<\/div>\n\t\t<\/div>\n\t\t\t\t\t<\/div>\n\t\t<\/section>\n\t\t\t\t<section class=\"elementor-section elementor-top-section elementor-element elementor-element-eb3f032 elementor-section-boxed elementor-section-height-default elementor-section-height-default\" data-id=\"eb3f032\" data-element_type=\"section\">\n\t\t\t\t\t\t<div class=\"elementor-container elementor-column-gap-default\">\n\t\t\t\t\t<div class=\"elementor-column elementor-col-100 elementor-top-column elementor-element elementor-element-860b0f6\" data-id=\"860b0f6\" data-element_type=\"column\">\n\t\t\t<div class=\"elementor-widget-wrap\">\n\t\t\t\t\t\t\t<\/div>\n\t\t<\/div>\n\t\t\t\t\t<\/div>\n\t\t<\/section>\n\t\t\t\t<\/div>\n\t\t","protected":false},"excerpt":{"rendered":"<p>C\u00f3mo motivar a formadores de ense\u00f1anza del aprendizaje semipresencial \u00a1Bienvenido a nuestro curso \u00abc\u00f3mo motivar a formadores de ense\u00f1anza del aprendizaje semipresencial\u00bb! A medida que los profesores se enfrentan en el din\u00e1mico panorama educativo, es fundamental que cuenten con los conocimientos y habilidades necesarias para poner en pr\u00e1tica, de manera satisfactoria, las estrategias del aprendizaje [&hellip;]<\/p>\n","protected":false},"author":1,"featured_media":0,"parent":1316,"menu_order":0,"comment_status":"closed","ping_status":"closed","template":"","meta":{"zakra_page_container_layout":"customizer","zakra_page_sidebar_layout":"customizer","zakra_remove_content_margin":false,"zakra_sidebar":"customizer","zakra_transparent_header":"customizer","zakra_logo":0,"zakra_main_header_style":"default","zakra_menu_item_color":"","zakra_menu_item_hover_color":"","zakra_menu_item_active_color":"","zakra_menu_active_style":"","zakra_page_header":true,"footnotes":""},"class_list":["post-1317","page","type-page","status-publish","hentry"],"_links":{"self":[{"href":"https:\/\/ascnet.ie\/blitt\/wp-json\/wp\/v2\/pages\/1317","targetHints":{"allow":["GET"]}}],"collection":[{"href":"https:\/\/ascnet.ie\/blitt\/wp-json\/wp\/v2\/pages"}],"about":[{"href":"https:\/\/ascnet.ie\/blitt\/wp-json\/wp\/v2\/types\/page"}],"author":[{"embeddable":true,"href":"https:\/\/ascnet.ie\/blitt\/wp-json\/wp\/v2\/users\/1"}],"replies":[{"embeddable":true,"href":"https:\/\/ascnet.ie\/blitt\/wp-json\/wp\/v2\/comments?post=1317"}],"version-history":[{"count":10,"href":"https:\/\/ascnet.ie\/blitt\/wp-json\/wp\/v2\/pages\/1317\/revisions"}],"predecessor-version":[{"id":1826,"href":"https:\/\/ascnet.ie\/blitt\/wp-json\/wp\/v2\/pages\/1317\/revisions\/1826"}],"up":[{"embeddable":true,"href":"https:\/\/ascnet.ie\/blitt\/wp-json\/wp\/v2\/pages\/1316"}],"wp:attachment":[{"href":"https:\/\/ascnet.ie\/blitt\/wp-json\/wp\/v2\/media?parent=1317"}],"curies":[{"name":"wp","href":"https:\/\/api.w.org\/{rel}","templated":true}]}}